{"id":2766,"date":"2025-11-24T12:00:53","date_gmt":"2025-11-24T12:00:53","guid":{"rendered":"https:\/\/tagaurbanic.com\/politica-de-privacidade\/"},"modified":"2026-04-21T10:09:38","modified_gmt":"2026-04-21T10:09:38","slug":"politica-de-privacidade","status":"publish","type":"page","link":"https:\/\/tagaurbanic.com\/pt-pt\/politica-de-privacidade\/","title":{"rendered":"Pol\u00edtica de privacidade"},"content":{"rendered":"\t\t<div data-elementor-type=\"wp-page\" data-elementor-id=\"2766\" class=\"elementor elementor-2766 elementor-3\" data-elementor-post-type=\"page\">\n\t\t\t\t<div class=\"elementor-element elementor-element-0463738 e-flex e-con-boxed e-con e-parent\" data-id=\"0463738\" data-element_type=\"container\" data-e-type=\"container\" data-settings=\"{&quot;background_background&quot;:&quot;classic&quot;,&quot;jet_parallax_layout_list&quot;:[]}\">\n\t\t\t\t\t<div class=\"e-con-inner\">\n\t\t<div class=\"elementor-element elementor-element-8de32a7 e-con-full e-flex e-con e-child\" data-id=\"8de32a7\" data-element_type=\"container\" data-e-type=\"container\" data-settings=\"{&quot;background_background&quot;:&quot;classic&quot;,&quot;jet_parallax_layout_list&quot;:[]}\">\n\t\t<div class=\"elementor-element elementor-element-c148fd5 e-con-full e-flex e-con e-child\" data-id=\"c148fd5\" data-element_type=\"container\" data-e-type=\"container\" data-settings=\"{&quot;background_background&quot;:&quot;classic&quot;,&quot;jet_parallax_layout_list&quot;:[],&quot;background_motion_fx_motion_fx_scrolling&quot;:&quot;yes&quot;,&quot;background_motion_fx_scale_effect&quot;:&quot;yes&quot;,&quot;background_motion_fx_scale_speed&quot;:{&quot;unit&quot;:&quot;px&quot;,&quot;size&quot;:1,&quot;sizes&quot;:[]},&quot;background_motion_fx_scale_range&quot;:{&quot;unit&quot;:&quot;%&quot;,&quot;size&quot;:&quot;&quot;,&quot;sizes&quot;:{&quot;start&quot;:0,&quot;end&quot;:100}},&quot;background_motion_fx_scale_direction&quot;:&quot;out-in&quot;,&quot;background_motion_fx_devices&quot;:[&quot;desktop&quot;,&quot;laptop&quot;,&quot;tablet_extra&quot;,&quot;tablet&quot;,&quot;mobile&quot;]}\">\n\t\t\t\t<\/div>\n\t\t<div class=\"elementor-element elementor-element-67d2fca e-con-full layer-mask e-flex e-con e-child\" data-id=\"67d2fca\" data-element_type=\"container\" data-e-type=\"container\" data-settings=\"{&quot;background_background&quot;:&quot;gradient&quot;,&quot;position&quot;:&quot;absolute&quot;,&quot;jet_parallax_layout_list&quot;:[]}\">\n\t\t\t\t<\/div>\n\t\t\t\t<\/div>\n\t\t<div class=\"elementor-element elementor-element-bd971bf e-con-full e-flex e-con e-child\" data-id=\"bd971bf\" data-element_type=\"container\" data-e-type=\"container\" data-settings=\"{&quot;jet_parallax_layout_list&quot;:[]}\">\n\t\t<div class=\"elementor-element elementor-element-b193c0b e-con-full e-flex e-con e-child\" data-id=\"b193c0b\" data-element_type=\"container\" data-e-type=\"container\" data-settings=\"{&quot;jet_parallax_layout_list&quot;:[]}\">\n\t\t\t\t<div class=\"elementor-element elementor-element-020e5b1 elementor-widget elementor-widget-heading\" data-id=\"020e5b1\" data-element_type=\"widget\" data-e-type=\"widget\" data-widget_type=\"heading.default\">\n\t\t\t\t\t<h2 class=\"elementor-heading-title elementor-size-default\">Pol\u00edtica de privacidade<\/h2>\t\t\t\t<\/div>\n\t\t\t\t<\/div>\n\t\t<div class=\"elementor-element elementor-element-ab2e4a8 e-con-full carrers-description-container e-flex e-con e-child\" data-id=\"ab2e4a8\" data-element_type=\"container\" data-e-type=\"container\" data-settings=\"{&quot;jet_parallax_layout_list&quot;:[]}\">\n\t\t\t\t<div class=\"elementor-element elementor-element-f269fe8 elementor-widget elementor-widget-text-editor\" data-id=\"f269fe8\" data-element_type=\"widget\" data-e-type=\"widget\" data-widget_type=\"text-editor.default\">\n\t\t\t\t\t\t\t\t\tPelo presente, autoriza o Site e\/ou qualquer entidade que atue em seu nome a enviar ofertas publicit\u00e1rias, conforme previsto na Sec\u00e7\u00e3o 30A da Lei das Comunica\u00e7\u00f5es (Telecomunica\u00e7\u00f5es e Radiodifus\u00e3o), 5742-1982, relacionadas com os temas apresentados no Site e outros temas. Caso n\u00e3o pretenda receber conte\u00fados de marketing, dever\u00e1 enviar uma mensagem para o endere\u00e7o de email indicado no presente Acordo, declarando que n\u00e3o deseja receber comunica\u00e7\u00f5es.\t\t\t\t\t\t\t\t<\/div>\n\t\t\t\t<\/div>\n\t\t\t\t<\/div>\n\t\t\t\t\t<\/div>\n\t\t\t\t<\/div>\n\t\t\t\t<\/div>\n\t\t","protected":false},"excerpt":{"rendered":"<p>Pelo presente, autoriza o Site e\/ou qualquer entidade que atue em seu nome a enviar ofertas publicit\u00e1rias, conforme previsto na Sec\u00e7\u00e3o 30A da Lei das Comunica\u00e7\u00f5es (Telecomunica\u00e7\u00f5es e Radiodifus\u00e3o), 5742-1982, relacionadas com os temas apresentados no Site e outros temas. Caso n\u00e3o pretenda receber conte\u00fados de marketing, dever\u00e1 enviar uma mensagem para o endere\u00e7o de [&hellip;]<\/p>\n","protected":false},"author":1,"featured_media":0,"parent":0,"menu_order":0,"comment_status":"closed","ping_status":"closed","template":"","meta":{"footnotes":""},"class_list":["post-2766","page","type-page","status-publish","hentry"],"_links":{"self":[{"href":"https:\/\/tagaurbanic.com\/pt-pt\/wp-json\/wp\/v2\/pages\/2766","targetHints":{"allow":["GET"]}}],"collection":[{"href":"https:\/\/tagaurbanic.com\/pt-pt\/wp-json\/wp\/v2\/pages"}],"about":[{"href":"https:\/\/tagaurbanic.com\/pt-pt\/wp-json\/wp\/v2\/types\/page"}],"author":[{"embeddable":true,"href":"https:\/\/tagaurbanic.com\/pt-pt\/wp-json\/wp\/v2\/users\/1"}],"replies":[{"embeddable":true,"href":"https:\/\/tagaurbanic.com\/pt-pt\/wp-json\/wp\/v2\/comments?post=2766"}],"version-history":[{"count":1,"href":"https:\/\/tagaurbanic.com\/pt-pt\/wp-json\/wp\/v2\/pages\/2766\/revisions"}],"predecessor-version":[{"id":2767,"href":"https:\/\/tagaurbanic.com\/pt-pt\/wp-json\/wp\/v2\/pages\/2766\/revisions\/2767"}],"wp:attachment":[{"href":"https:\/\/tagaurbanic.com\/pt-pt\/wp-json\/wp\/v2\/media?parent=2766"}],"curies":[{"name":"wp","href":"https:\/\/api.w.org\/{rel}","templated":true}]}}